{"id":524,"date":"2018-01-07T19:13:16","date_gmt":"2018-01-07T19:13:16","guid":{"rendered":"http:\/\/energy.kruger.com\/home\/"},"modified":"2023-11-10T15:32:07","modified_gmt":"2023-11-10T15:32:07","slug":"accueil","status":"publish","type":"page","link":"https:\/\/energy.kruger.com\/fr\/","title":{"rendered":"Accueil"},"content":{"rendered":"<div class=\"wpb-content-wrapper\"><p>[vc_section full_width=\u00a0\u00bbstretch_row\u00a0\u00bb][vc_row][vc_column offset=\u00a0\u00bbvc_col-md-offset-2 vc_col-md-8&Prime; el_class=\u00a0\u00bbintro-bordered-box\u00a0\u00bb el_id=\u00a0\u00bbspecial-home\u00a0\u00bb][vc_single_image image=\u00a0\u00bb1080&Prime; img_size=\u00a0\u00bb250&#215;98&Prime; alignment=\u00a0\u00bbcenter\u00a0\u00bb css_animation=\u00a0\u00bbfadeIn\u00a0\u00bb][vc_separator color=\u00a0\u00bbcustom\u00a0\u00bb border_width=\u00a0\u00bb2&Prime; css_animation=\u00a0\u00bbfadeIn\u00a0\u00bb accent_color=\u00a0\u00bb#16c48c\u00a0\u00bb][vc_custom_heading text=\u00a0\u00bbChez Kruger \u00c9nergie, nous croyons \u00e0 la n\u00e9cessit\u00e9 de s\u2019engager dans la transition \u00e9nerg\u00e9tique. Et pour ce faire, nous fournissons de l\u2019\u00e9nergie renouvelable au quotidien, dans le plus grand respect et int\u00e9r\u00eat des communaut\u00e9s d\u2019accueil, pour un avenir durable et solidaire.\u00a0\u00bb font_container=\u00a0\u00bbtag:p|text_align:center\u00a0\u00bb use_theme_fonts=\u00a0\u00bbyes\u00a0\u00bb css_animation=\u00a0\u00bbfadeIn\u00a0\u00bb el_class=\u00a0\u00bbborderLeadText\u00a0\u00bb][vc_separator color=\u00a0\u00bbcustom\u00a0\u00bb border_width=\u00a0\u00bb2&Prime; css_animation=\u00a0\u00bbfadeIn\u00a0\u00bb accent_color=\u00a0\u00bb#16c48c\u00a0\u00bb][vc_empty_space height=\u00a0\u00bb3rem\u00a0\u00bb][\/vc_column][\/vc_row][\/vc_section][vc_section full_width=\u00a0\u00bbstretch_row\u00a0\u00bb][vc_row][vc_column][vc_column_text el_class=\u00a0\u00bbcountdown-kg\u00a0\u00bb]<\/p>\n<ul>\n<li>\n<h6 class=\"countme\">2004<\/h6>\n<p>ann\u00e9e de fondation<\/li>\n<li>\n<h6 class=\"countme\">47<\/h6>\n<p>sites de production<\/li>\n<li>\n<h6 class=\"countme\">650<\/h6>\n<p>MW de puissance install\u00e9e<\/li>\n<li>\n<h6 class=\"countme\">1500<\/h6>\n<p>MW et plus de nouveaux projets<br \/>\nen d\u00e9veloppement<\/li>\n<\/ul>\n<p>[\/vc_column_text][\/vc_column][\/vc_row][\/vc_section][vc_section full_width=\u00a0\u00bbstretch_row\u00a0\u00bb css=\u00a0\u00bb.vc_custom_1513021931500{background-color: #ffffff !important;}\u00a0\u00bb][vc_row][vc_column][vc_empty_space height=\u00a0\u00bb3rem\u00a0\u00bb][vc_single_image image=\u00a0\u00bb1338&Prime; img_size=\u00a0\u00bbfull\u00a0\u00bb alignment=\u00a0\u00bbcenter\u00a0\u00bb css_animation=\u00a0\u00bbfadeIn\u00a0\u00bb][\/vc_column][\/vc_row][vc_row][vc_column width=\u00a0\u00bb1\/12&Prime; offset=\u00a0\u00bbvc_col-xs-1&Prime;][\/vc_column][vc_column css_animation=\u00a0\u00bbfadeIn\u00a0\u00bb width=\u00a0\u00bb5\/6&Prime; css=\u00a0\u00bb.vc_custom_1697046097613{margin-top: -15% !important;padding-top: 20px !important;padding-right: 60px !important;padding-bottom: 0px !important;padding-left: 60px !important;background-color: #007a53 !important;}\u00a0\u00bb offset=\u00a0\u00bbvc_col-xs-10&Prime;][vc_custom_heading text=\u00a0\u00bb20 ans d\u2019expertise\u00a0\u00bb font_container=\u00a0\u00bbtag:h2|text_align:center|color:%23ffffff\u00a0\u00bb use_theme_fonts=\u00a0\u00bbyes\u00a0\u00bb el_class=\u00a0\u00bbborderLeadText\u00a0\u00bb][vc_custom_heading text=\u00a0\u00bbNotre \u00e9quipe se sp\u00e9cialise dans le d\u00e9veloppement et la gestion de projets d\u2019\u00e9nergie renouvelable hautement diversifi\u00e9s et ayant un impact positif et durable. Le succ\u00e8s des projets que nous d\u00e9veloppons r\u00e9side dans l\u2019acceptabilit\u00e9 sociale et la collaboration avec les Premi\u00e8res Nations et les communaut\u00e9s locales. Chef de file de l\u2019\u00e9olien au Qu\u00e9bec, nous avons un savoir-faire reconnu en d\u00e9veloppement de parcs \u00e9oliens en terres priv\u00e9es, dont plusieurs projets potentiels sont pr\u00e9sentement \u00e0 l\u2019\u00e9tude.\u00a0\u00bb font_container=\u00a0\u00bbtag:p|text_align:center|color:%23ffffff\u00a0\u00bb use_theme_fonts=\u00a0\u00bbyes\u00a0\u00bb el_class=\u00a0\u00bbborderLeadText\u00a0\u00bb][vc_column_text]<\/p>\n<p style=\"text-align: center;\"><a class=\"btn btn-outline-primary\" style=\"color: white; border-color: white;\" href=\"https:\/\/energy.kruger.com\/fr\/centrales\">Portfolio<\/a><\/p>\n<p>[\/vc_column_text][\/vc_column][vc_column width=\u00a0\u00bb1\/12&Prime; offset=\u00a0\u00bbvc_col-xs-1&Prime;][\/vc_column][\/vc_row][vc_row][vc_column][vc_empty_space height=\u00a0\u00bb100px\u00a0\u00bb][\/vc_column][\/vc_row][\/vc_section][vc_section][vc_row][vc_column][vc_empty_space height=\u00a0\u00bb3rem\u00a0\u00bb]        <div class=\"news-container\" data-current-site=\"5\" data-show-filter=\"\" data-post-type=\"-1\" data-number-posts=\"3\">\n            <h2>Nouvelles r\u00e9centes<\/h2>\n            <div class=\"news row\">\n                                                    <div class=\"news-item col-md-4 order-md-1\">\n                        <div class=\"row\">\n                            <a href=\"https:\/\/www.kruger.com\/fr\/news\/construction-parc-eolien-spdm\/\"><img decoding=\"async\" class=\"img-fluid col-12\" src=\"https:\/\/energy.kruger.com\/wp-content\/uploads\/2026\/02\/br5c0100-8192pxh-700x470.jpg\"><\/a>\n                                                            <div class=\"col-12\">\n                                    <div class=\"news-terms-container row\">\n                                                                                    <span class=\"news-term-pill col-auto\">Communiqu\u00e9s de presse<\/span>\n                                                                                    <span class=\"news-term-pill col-auto\">\u00c9nergie<\/span>\n                                                                            <\/div>\n                                <\/div>\n                                                        <h3 class=\"col-12\"><a href=\"https:\/\/www.kruger.com\/fr\/news\/construction-parc-eolien-spdm\/\">Kruger \u00c9nergie amorce la construction du parc \u00e9olien Saint-Paul-de-Montminy<\/a>\n                            <\/h3>\n                        <\/div>\n                    <\/div>\n                                                        <div class=\"news-item col-md-4 order-md-2\">\n                        <div class=\"row\">\n                            <a href=\"https:\/\/www.kruger.com\/fr\/news\/parc-eolien-spdm-aval-gouv\/\"><img decoding=\"async\" class=\"img-fluid col-12\" src=\"https:\/\/energy.kruger.com\/wp-content\/uploads\/2026\/02\/br5c0100-8192pxh-700x470.jpg\"><\/a>\n                                                            <div class=\"col-12\">\n                                    <div class=\"news-terms-container row\">\n                                                                                    <span class=\"news-term-pill col-auto\">Communiqu\u00e9s de presse<\/span>\n                                                                                    <span class=\"news-term-pill col-auto\">\u00c9nergie<\/span>\n                                                                            <\/div>\n                                <\/div>\n                                                        <h3 class=\"col-12\"><a href=\"https:\/\/www.kruger.com\/fr\/news\/parc-eolien-spdm-aval-gouv\/\">Le projet de parc \u00e9olien Saint-Paul-de-Montminy obtient l\u2019aval du gouvernement<\/a>\n                            <\/h3>\n                        <\/div>\n                    <\/div>\n                                                        <div class=\"news-item col-md-4 \">\n                        <div class=\"row\">\n                            <a href=\"https:\/\/www.kruger.com\/fr\/news\/portes-ouvertes-brompton-2025\/\"><img decoding=\"async\" class=\"img-fluid col-12\" src=\"https:\/\/energy.kruger.com\/wp-content\/uploads\/2025\/09\/dji-0098-700x470.jpg\"><\/a>\n                                                            <div class=\"col-12\">\n                                    <div class=\"news-terms-container row\">\n                                                                                    <span class=\"news-term-pill col-auto\">Nouvelles<\/span>\n                                                                                    <span class=\"news-term-pill col-auto\">\u00c9nergie<\/span>\n                                                                                    <span class=\"news-term-pill col-auto\">Kruger Inc.<\/span>\n                                                                                    <span class=\"news-term-pill col-auto\">Papiers domestiques et institutionnels<\/span>\n                                                                                    <span class=\"news-term-pill col-auto\">P\u00e2tes et papiers<\/span>\n                                                                            <\/div>\n                                <\/div>\n                                                        <h3 class=\"col-12\"><a href=\"https:\/\/www.kruger.com\/fr\/news\/portes-ouvertes-brompton-2025\/\">Kruger ouvre ses portes \u00e0 Brompton pour c\u00e9l\u00e9brer 75 ans d'histoire<\/a>\n                            <\/h3>\n                        <\/div>\n                    <\/div>\n                                                                <\/div>\n                            <div class=\"view-more col-12 text-center\">\n                                        <button class=\"view-more-btn btn btn-outline-secondary\">Voir plus de nouvelles<\/button>\n                <\/div>\n                    <\/div>\n        [\/vc_column][\/vc_row][\/vc_section]<\/p>\n<\/div>","protected":false},"excerpt":{"rendered":"<p>[vc_section full_width=\u00a0\u00bbstretch_row\u00a0\u00bb][vc_row][vc_column offset=\u00a0\u00bbvc_col-md-offset-2 vc_col-md-8&Prime; el_class=\u00a0\u00bbintro-bordered-box\u00a0\u00bb el_id=\u00a0\u00bbspecial-home\u00a0\u00bb][vc_single_image image=\u00a0\u00bb1080&Prime; img_size=\u00a0\u00bb250&#215;98&Prime; alignment=\u00a0\u00bbcenter\u00a0\u00bb css_animation=\u00a0\u00bbfadeIn\u00a0\u00bb][vc_separator color=\u00a0\u00bbcustom\u00a0\u00bb border_width=\u00a0\u00bb2&Prime; css_animation=\u00a0\u00bbfadeIn\u00a0\u00bb accent_color=\u00a0\u00bb#16c48c\u00a0\u00bb][vc_custom_heading text=\u00a0\u00bbChez Kruger \u00c9nergie, nous croyons \u00e0 la n\u00e9cessit\u00e9 de s\u2019engager dans la transition \u00e9nerg\u00e9tique. Et pour ce faire, nous fournissons de l\u2019\u00e9nergie renouvelable au quotidien, dans le plus grand respect et int\u00e9r\u00eat des communaut\u00e9s d\u2019accueil, pour un avenir durable et solidaire.\u00a0\u00bb [&hellip;]<\/p>\n","protected":false},"author":1,"featured_media":213,"parent":0,"menu_order":7,"comment_status":"closed","ping_status":"closed","template":"page-templates\/template-accueil-subsite.php","meta":{"_acf_changed":false,"footnotes":""},"class_list":["post-524","page","type-page","status-publish","has-post-thumbnail","hentry"],"acf":[],"yoast_head":"<!-- This site is optimized with the Yoast SEO plugin v27.0 - https:\/\/yoast.com\/product\/yoast-seo-wordpress\/ -->\n<title>Energie renouvelable - Kruger Inc.<\/title>\n<meta name=\"description\" content=\"Kruger \u00c9nergie se consacre exclusivement au d\u00e9veloppement et \u00e0 la gestion de centrales d\u2019\u00e9nergie renouvelable \u00e0 la grandeur de l\u2019Am\u00e9rique du Nord.\" \/>\n<meta name=\"robots\" content=\"index, follow, max-snippet:-1, max-image-preview:large, max-video-preview:-1\" \/>\n<link rel=\"canonical\" href=\"https:\/\/energy.kruger.com\/fr\/\" \/>\n<meta property=\"og:locale\" content=\"fr_FR\" \/>\n<meta property=\"og:type\" content=\"article\" \/>\n<meta property=\"og:title\" content=\"Energie renouvelable - Kruger Inc.\" \/>\n<meta property=\"og:description\" content=\"Kruger \u00c9nergie se consacre exclusivement au d\u00e9veloppement et \u00e0 la gestion de centrales d\u2019\u00e9nergie renouvelable \u00e0 la grandeur de l\u2019Am\u00e9rique du Nord.\" \/>\n<meta property=\"og:url\" content=\"https:\/\/energy.kruger.com\/fr\/\" \/>\n<meta property=\"og:site_name\" content=\"\u00c9nergie\" \/>\n<meta property=\"article:modified_time\" content=\"2023-11-10T15:32:07+00:00\" \/>\n<meta property=\"og:image\" content=\"https:\/\/energy.kruger.com\/wp-content\/uploads\/sites\/5\/2018\/01\/5_3_kruger-energy_projects_kemont.jpg\" \/>\n\t<meta property=\"og:image:width\" content=\"3000\" \/>\n\t<meta property=\"og:image:height\" content=\"2000\" \/>\n\t<meta property=\"og:image:type\" content=\"image\/jpeg\" \/>\n<meta name=\"twitter:card\" content=\"summary_large_image\" \/>\n<meta name=\"twitter:label1\" content=\"Dur\u00e9e de lecture estim\u00e9e\" \/>\n\t<meta name=\"twitter:data1\" content=\"1 minute\" \/>\n<script type=\"application\/ld+json\" class=\"yoast-schema-graph\">{\"@context\":\"https:\/\/schema.org\",\"@graph\":[{\"@type\":\"WebPage\",\"@id\":\"https:\/\/energy.kruger.com\/fr\/\",\"url\":\"https:\/\/energy.kruger.com\/fr\/\",\"name\":\"Energie renouvelable - Kruger Inc.\",\"isPartOf\":{\"@id\":\"https:\/\/energy.kruger.com\/#website\"},\"primaryImageOfPage\":{\"@id\":\"https:\/\/energy.kruger.com\/fr\/#primaryimage\"},\"image\":{\"@id\":\"https:\/\/energy.kruger.com\/fr\/#primaryimage\"},\"thumbnailUrl\":\"https:\/\/energy.kruger.com\/wp-content\/uploads\/sites\/5\/2018\/01\/5_3_kruger-energy_projects_kemont.jpg\",\"datePublished\":\"2018-01-07T19:13:16+00:00\",\"dateModified\":\"2023-11-10T15:32:07+00:00\",\"description\":\"Kruger \u00c9nergie se consacre exclusivement au d\u00e9veloppement et \u00e0 la gestion de centrales d\u2019\u00e9nergie renouvelable \u00e0 la grandeur de l\u2019Am\u00e9rique du Nord.\",\"breadcrumb\":{\"@id\":\"https:\/\/energy.kruger.com\/fr\/#breadcrumb\"},\"inLanguage\":\"fr-FR\",\"potentialAction\":[{\"@type\":\"ReadAction\",\"target\":[\"https:\/\/energy.kruger.com\/fr\/\"]}]},{\"@type\":\"ImageObject\",\"inLanguage\":\"fr-FR\",\"@id\":\"https:\/\/energy.kruger.com\/fr\/#primaryimage\",\"url\":\"https:\/\/energy.kruger.com\/wp-content\/uploads\/sites\/5\/2018\/01\/5_3_kruger-energy_projects_kemont.jpg\",\"contentUrl\":\"https:\/\/energy.kruger.com\/wp-content\/uploads\/sites\/5\/2018\/01\/5_3_kruger-energy_projects_kemont.jpg\",\"width\":3000,\"height\":2000},{\"@type\":\"BreadcrumbList\",\"@id\":\"https:\/\/energy.kruger.com\/fr\/#breadcrumb\",\"itemListElement\":[{\"@type\":\"ListItem\",\"position\":1,\"name\":\"Home\",\"item\":\"https:\/\/energy.kruger.com\/fr\/\"},{\"@type\":\"ListItem\",\"position\":2,\"name\":\"Accueil\"}]},{\"@type\":\"WebSite\",\"@id\":\"https:\/\/energy.kruger.com\/#website\",\"url\":\"https:\/\/energy.kruger.com\/\",\"name\":\"\u00c9nergie\",\"description\":\"Kruger Energy\",\"potentialAction\":[{\"@type\":\"SearchAction\",\"target\":{\"@type\":\"EntryPoint\",\"urlTemplate\":\"https:\/\/energy.kruger.com\/?s={search_term_string}\"},\"query-input\":{\"@type\":\"PropertyValueSpecification\",\"valueRequired\":true,\"valueName\":\"search_term_string\"}}],\"inLanguage\":\"fr-FR\"}]}<\/script>\n<!-- \/ Yoast SEO plugin. -->","yoast_head_json":{"title":"Energie renouvelable - Kruger Inc.","description":"Kruger \u00c9nergie se consacre exclusivement au d\u00e9veloppement et \u00e0 la gestion de centrales d\u2019\u00e9nergie renouvelable \u00e0 la grandeur de l\u2019Am\u00e9rique du Nord.","robots":{"index":"index","follow":"follow","max-snippet":"max-snippet:-1","max-image-preview":"max-image-preview:large","max-video-preview":"max-video-preview:-1"},"canonical":"https:\/\/energy.kruger.com\/fr\/","og_locale":"fr_FR","og_type":"article","og_title":"Energie renouvelable - Kruger Inc.","og_description":"Kruger \u00c9nergie se consacre exclusivement au d\u00e9veloppement et \u00e0 la gestion de centrales d\u2019\u00e9nergie renouvelable \u00e0 la grandeur de l\u2019Am\u00e9rique du Nord.","og_url":"https:\/\/energy.kruger.com\/fr\/","og_site_name":"\u00c9nergie","article_modified_time":"2023-11-10T15:32:07+00:00","og_image":[{"width":3000,"height":2000,"url":"https:\/\/energy.kruger.com\/wp-content\/uploads\/sites\/5\/2018\/01\/5_3_kruger-energy_projects_kemont.jpg","type":"image\/jpeg"}],"twitter_card":"summary_large_image","twitter_misc":{"Dur\u00e9e de lecture estim\u00e9e":"1 minute"},"schema":{"@context":"https:\/\/schema.org","@graph":[{"@type":"WebPage","@id":"https:\/\/energy.kruger.com\/fr\/","url":"https:\/\/energy.kruger.com\/fr\/","name":"Energie renouvelable - Kruger Inc.","isPartOf":{"@id":"https:\/\/energy.kruger.com\/#website"},"primaryImageOfPage":{"@id":"https:\/\/energy.kruger.com\/fr\/#primaryimage"},"image":{"@id":"https:\/\/energy.kruger.com\/fr\/#primaryimage"},"thumbnailUrl":"https:\/\/energy.kruger.com\/wp-content\/uploads\/sites\/5\/2018\/01\/5_3_kruger-energy_projects_kemont.jpg","datePublished":"2018-01-07T19:13:16+00:00","dateModified":"2023-11-10T15:32:07+00:00","description":"Kruger \u00c9nergie se consacre exclusivement au d\u00e9veloppement et \u00e0 la gestion de centrales d\u2019\u00e9nergie renouvelable \u00e0 la grandeur de l\u2019Am\u00e9rique du Nord.","breadcrumb":{"@id":"https:\/\/energy.kruger.com\/fr\/#breadcrumb"},"inLanguage":"fr-FR","potentialAction":[{"@type":"ReadAction","target":["https:\/\/energy.kruger.com\/fr\/"]}]},{"@type":"ImageObject","inLanguage":"fr-FR","@id":"https:\/\/energy.kruger.com\/fr\/#primaryimage","url":"https:\/\/energy.kruger.com\/wp-content\/uploads\/sites\/5\/2018\/01\/5_3_kruger-energy_projects_kemont.jpg","contentUrl":"https:\/\/energy.kruger.com\/wp-content\/uploads\/sites\/5\/2018\/01\/5_3_kruger-energy_projects_kemont.jpg","width":3000,"height":2000},{"@type":"BreadcrumbList","@id":"https:\/\/energy.kruger.com\/fr\/#breadcrumb","itemListElement":[{"@type":"ListItem","position":1,"name":"Home","item":"https:\/\/energy.kruger.com\/fr\/"},{"@type":"ListItem","position":2,"name":"Accueil"}]},{"@type":"WebSite","@id":"https:\/\/energy.kruger.com\/#website","url":"https:\/\/energy.kruger.com\/","name":"\u00c9nergie","description":"Kruger Energy","potentialAction":[{"@type":"SearchAction","target":{"@type":"EntryPoint","urlTemplate":"https:\/\/energy.kruger.com\/?s={search_term_string}"},"query-input":{"@type":"PropertyValueSpecification","valueRequired":true,"valueName":"search_term_string"}}],"inLanguage":"fr-FR"}]}},"_links":{"self":[{"href":"https:\/\/energy.kruger.com\/fr\/wp-json\/wp\/v2\/pages\/524","targetHints":{"allow":["GET"]}}],"collection":[{"href":"https:\/\/energy.kruger.com\/fr\/wp-json\/wp\/v2\/pages"}],"about":[{"href":"https:\/\/energy.kruger.com\/fr\/wp-json\/wp\/v2\/types\/page"}],"author":[{"embeddable":true,"href":"https:\/\/energy.kruger.com\/fr\/wp-json\/wp\/v2\/users\/1"}],"replies":[{"embeddable":true,"href":"https:\/\/energy.kruger.com\/fr\/wp-json\/wp\/v2\/comments?post=524"}],"version-history":[{"count":27,"href":"https:\/\/energy.kruger.com\/fr\/wp-json\/wp\/v2\/pages\/524\/revisions"}],"predecessor-version":[{"id":1340,"href":"https:\/\/energy.kruger.com\/fr\/wp-json\/wp\/v2\/pages\/524\/revisions\/1340"}],"wp:featuredmedia":[{"embeddable":true,"href":"https:\/\/energy.kruger.com\/fr\/wp-json\/wp\/v2\/media\/213"}],"wp:attachment":[{"href":"https:\/\/energy.kruger.com\/fr\/wp-json\/wp\/v2\/media?parent=524"}],"curies":[{"name":"wp","href":"https:\/\/api.w.org\/{rel}","templated":true}]}}